{"id":247,"date":"2025-01-28T07:28:31","date_gmt":"2025-01-28T07:28:31","guid":{"rendered":"https:\/\/tbsfactoring.com\/?page_id=247"},"modified":"2025-05-08T05:51:23","modified_gmt":"2025-05-08T05:51:23","slug":"gracias","status":"publish","type":"page","link":"https:\/\/tbsfactoring.com\/es\/thank-you\/","title":{"rendered":"Gracias"},"content":{"rendered":"<h3>Uno de nuestros representantes se pondr\u00e1 en contacto con usted en un plazo de 24 horas.<\/h3>\n<p>Nos pondremos en contacto con usted el siguiente d\u00eda laborable.<\/p>\n<div class=\"glob-btn text-center\"><a class=\"cmn-btn\" href=\"https:\/\/tbsfactoring.com\/es\/\">Volver al inicio<\/a><\/div>","protected":false},"excerpt":{"rendered":"<p>Uno de nuestros representantes se pondr\u00e1 en contacto con usted en un plazo de 24 horas. Los fines de semana nos pondremos en contacto con usted el siguiente d\u00eda laborable. Volver a la p\u00e1gina de inicio<\/p>","protected":false},"author":1,"featured_media":0,"parent":0,"menu_order":0,"comment_status":"closed","ping_status":"closed","template":"","meta":{"_acf_changed":false,"footnotes":""},"class_list":["post-247","page","type-page","status-publish","hentry"],"acf":[],"yoast_head":"<!-- This site is optimized with the Yoast SEO plugin v27.5 - https:\/\/yoast.com\/product\/yoast-seo-wordpress\/ -->\n<title>Thank You -<\/title>\n<meta name=\"robots\" content=\"index, follow, max-snippet:-1, max-image-preview:large, max-video-preview:-1\" \/>\n<link rel=\"canonical\" href=\"https:\/\/tbsfactoring.com\/es\/gracias\/\" \/>\n<meta property=\"og:locale\" content=\"es_MX\" \/>\n<meta property=\"og:type\" content=\"article\" \/>\n<meta property=\"og:title\" content=\"Thank You -\" \/>\n<meta property=\"og:description\" content=\"One of our representatives will contact you within 24 hours. Weekend submissions will be contacted on the following business day. Back To Home\" \/>\n<meta property=\"og:url\" content=\"https:\/\/tbsfactoring.com\/es\/gracias\/\" \/>\n<meta property=\"article:modified_time\" content=\"2025-05-08T05:51:23+00:00\" \/>\n<meta name=\"twitter:card\" content=\"summary_large_image\" \/>\n<meta name=\"twitter:label1\" content=\"Tiempo de lectura\" \/>\n\t<meta name=\"twitter:data1\" content=\"1 minuto\" \/>\n<script type=\"application\/ld+json\" class=\"yoast-schema-graph\">{\"@context\":\"https:\\\/\\\/schema.org\",\"@graph\":[{\"@type\":\"WebPage\",\"@id\":\"https:\\\/\\\/tbsfactoring.com\\\/thank-you\\\/\",\"url\":\"https:\\\/\\\/tbsfactoring.com\\\/thank-you\\\/\",\"name\":\"Thank You -\",\"isPartOf\":{\"@id\":\"https:\\\/\\\/tbsfactoring.com\\\/#website\"},\"datePublished\":\"2025-01-28T07:28:31+00:00\",\"dateModified\":\"2025-05-08T05:51:23+00:00\",\"breadcrumb\":{\"@id\":\"https:\\\/\\\/tbsfactoring.com\\\/thank-you\\\/#breadcrumb\"},\"inLanguage\":\"es\",\"potentialAction\":[{\"@type\":\"ReadAction\",\"target\":[\"https:\\\/\\\/tbsfactoring.com\\\/thank-you\\\/\"]}]},{\"@type\":\"BreadcrumbList\",\"@id\":\"https:\\\/\\\/tbsfactoring.com\\\/thank-you\\\/#breadcrumb\",\"itemListElement\":[{\"@type\":\"ListItem\",\"position\":1,\"name\":\"Home\",\"item\":\"https:\\\/\\\/tbsfactoring.com\\\/\"},{\"@type\":\"ListItem\",\"position\":2,\"name\":\"Thank You\"}]},{\"@type\":\"WebSite\",\"@id\":\"https:\\\/\\\/tbsfactoring.com\\\/#website\",\"url\":\"https:\\\/\\\/tbsfactoring.com\\\/\",\"name\":\"\",\"description\":\"\",\"potentialAction\":[{\"@type\":\"SearchAction\",\"target\":{\"@type\":\"EntryPoint\",\"urlTemplate\":\"https:\\\/\\\/tbsfactoring.com\\\/?s={search_term_string}\"},\"query-input\":{\"@type\":\"PropertyValueSpecification\",\"valueRequired\":true,\"valueName\":\"search_term_string\"}}],\"inLanguage\":\"es\"}]}<\/script>\n<!-- \/ Yoast SEO plugin. -->","yoast_head_json":{"title":"Gracias -","robots":{"index":"index","follow":"follow","max-snippet":"max-snippet:-1","max-image-preview":"max-image-preview:large","max-video-preview":"max-video-preview:-1"},"canonical":"https:\/\/tbsfactoring.com\/es\/gracias\/","og_locale":"es_MX","og_type":"article","og_title":"Thank You -","og_description":"One of our representatives will contact you within 24 hours. Weekend submissions will be contacted on the following business day. Back To Home","og_url":"https:\/\/tbsfactoring.com\/es\/gracias\/","article_modified_time":"2025-05-08T05:51:23+00:00","twitter_card":"summary_large_image","twitter_misc":{"Tiempo de lectura":"1 minuto"},"schema":{"@context":"https:\/\/schema.org","@graph":[{"@type":"WebPage","@id":"https:\/\/tbsfactoring.com\/thank-you\/","url":"https:\/\/tbsfactoring.com\/thank-you\/","name":"Gracias -","isPartOf":{"@id":"https:\/\/tbsfactoring.com\/#website"},"datePublished":"2025-01-28T07:28:31+00:00","dateModified":"2025-05-08T05:51:23+00:00","breadcrumb":{"@id":"https:\/\/tbsfactoring.com\/thank-you\/#breadcrumb"},"inLanguage":"es","potentialAction":[{"@type":"ReadAction","target":["https:\/\/tbsfactoring.com\/thank-you\/"]}]},{"@type":"BreadcrumbList","@id":"https:\/\/tbsfactoring.com\/thank-you\/#breadcrumb","itemListElement":[{"@type":"ListItem","position":1,"name":"Home","item":"https:\/\/tbsfactoring.com\/"},{"@type":"ListItem","position":2,"name":"Thank You"}]},{"@type":"WebSite","@id":"https:\/\/tbsfactoring.com\/#website","url":"https:\/\/tbsfactoring.com\/","name":"","description":"","potentialAction":[{"@type":"SearchAction","target":{"@type":"EntryPoint","urlTemplate":"https:\/\/tbsfactoring.com\/?s={search_term_string}"},"query-input":{"@type":"PropertyValueSpecification","valueRequired":true,"valueName":"search_term_string"}}],"inLanguage":"es"}]}},"_links":{"self":[{"href":"https:\/\/tbsfactoring.com\/es\/wp-json\/wp\/v2\/pages\/247","targetHints":{"allow":["GET"]}}],"collection":[{"href":"https:\/\/tbsfactoring.com\/es\/wp-json\/wp\/v2\/pages"}],"about":[{"href":"https:\/\/tbsfactoring.com\/es\/wp-json\/wp\/v2\/types\/page"}],"author":[{"embeddable":true,"href":"https:\/\/tbsfactoring.com\/es\/wp-json\/wp\/v2\/users\/1"}],"replies":[{"embeddable":true,"href":"https:\/\/tbsfactoring.com\/es\/wp-json\/wp\/v2\/comments?post=247"}],"version-history":[{"count":0,"href":"https:\/\/tbsfactoring.com\/es\/wp-json\/wp\/v2\/pages\/247\/revisions"}],"wp:attachment":[{"href":"https:\/\/tbsfactoring.com\/es\/wp-json\/wp\/v2\/media?parent=247"}],"curies":[{"name":"wp","href":"https:\/\/api.w.org\/{rel}","templated":true}]}}