{"id":326,"date":"2025-02-04T05:13:05","date_gmt":"2025-02-04T05:13:05","guid":{"rendered":"https:\/\/tbsfactoring.com\/?page_id=326"},"modified":"2025-05-02T12:33:46","modified_gmt":"2025-05-02T12:33:46","slug":"autoridad-procesal","status":"publish","type":"page","link":"https:\/\/tbsfactoring.com\/es\/authority-proccessing\/","title":{"rendered":"Autoridad de Procesamiento"},"content":{"rendered":"","protected":false},"excerpt":{"rendered":"","protected":false},"author":1,"featured_media":0,"parent":0,"menu_order":0,"comment_status":"closed","ping_status":"closed","template":"template_authority_proccessing.php","meta":{"_acf_changed":false,"footnotes":""},"class_list":["post-326","page","type-page","status-publish","hentry"],"acf":[],"yoast_head":"<!-- This site is optimized with the Yoast SEO plugin v27.3 - https:\/\/yoast.com\/product\/yoast-seo-wordpress\/ -->\n<title>Free Trucking Authority Processing Services | TBS<\/title>\n<meta name=\"description\" content=\"Get your trucking authority processed for free courtesy of TBS. Helping truckers start their businesses for over 50 years.\" \/>\n<meta name=\"robots\" content=\"index, follow, max-snippet:-1, max-image-preview:large, max-video-preview:-1\" \/>\n<link rel=\"canonical\" href=\"https:\/\/tbsfactoring.com\/es\/autoridad-procesal\/\" \/>\n<meta property=\"og:locale\" content=\"es_MX\" \/>\n<meta property=\"og:type\" content=\"article\" \/>\n<meta property=\"og:title\" content=\"Free Trucking Authority Processing Services | TBS\" \/>\n<meta property=\"og:description\" content=\"Get your trucking authority processed for free courtesy of TBS. Helping truckers start their businesses for over 50 years.\" \/>\n<meta property=\"og:url\" content=\"https:\/\/tbsfactoring.com\/es\/autoridad-procesal\/\" \/>\n<meta property=\"article:modified_time\" content=\"2025-05-02T12:33:46+00:00\" \/>\n<meta name=\"twitter:card\" content=\"summary_large_image\" \/>\n<script type=\"application\/ld+json\" class=\"yoast-schema-graph\">{\"@context\":\"https:\\\/\\\/schema.org\",\"@graph\":[{\"@type\":\"WebPage\",\"@id\":\"https:\\\/\\\/tbsfactoring.com\\\/authority-proccessing\\\/\",\"url\":\"https:\\\/\\\/tbsfactoring.com\\\/authority-proccessing\\\/\",\"name\":\"Free Trucking Authority Processing Services | TBS\",\"isPartOf\":{\"@id\":\"https:\\\/\\\/tbsfactoring.com\\\/#website\"},\"datePublished\":\"2025-02-04T05:13:05+00:00\",\"dateModified\":\"2025-05-02T12:33:46+00:00\",\"description\":\"Get your trucking authority processed for free courtesy of TBS. Helping truckers start their businesses for over 50 years.\",\"breadcrumb\":{\"@id\":\"https:\\\/\\\/tbsfactoring.com\\\/authority-proccessing\\\/#breadcrumb\"},\"inLanguage\":\"es\",\"potentialAction\":[{\"@type\":\"ReadAction\",\"target\":[\"https:\\\/\\\/tbsfactoring.com\\\/authority-proccessing\\\/\"]}]},{\"@type\":\"BreadcrumbList\",\"@id\":\"https:\\\/\\\/tbsfactoring.com\\\/authority-proccessing\\\/#breadcrumb\",\"itemListElement\":[{\"@type\":\"ListItem\",\"position\":1,\"name\":\"Home\",\"item\":\"https:\\\/\\\/tbsfactoring.com\\\/\"},{\"@type\":\"ListItem\",\"position\":2,\"name\":\"Authority Proccessing\"}]},{\"@type\":\"WebSite\",\"@id\":\"https:\\\/\\\/tbsfactoring.com\\\/#website\",\"url\":\"https:\\\/\\\/tbsfactoring.com\\\/\",\"name\":\"\",\"description\":\"\",\"potentialAction\":[{\"@type\":\"SearchAction\",\"target\":{\"@type\":\"EntryPoint\",\"urlTemplate\":\"https:\\\/\\\/tbsfactoring.com\\\/?s={search_term_string}\"},\"query-input\":{\"@type\":\"PropertyValueSpecification\",\"valueRequired\":true,\"valueName\":\"search_term_string\"}}],\"inLanguage\":\"es\"}]}<\/script>\n<!-- \/ Yoast SEO plugin. -->","yoast_head_json":{"title":"Servicios gratuitos de tramitaci\u00f3n de autorizaciones de transporte por carretera | TBS","description":"Tramite su autorizaci\u00f3n de transporte de forma gratuita por cortes\u00eda de TBS. Ayudando a los camioneros a iniciar sus negocios durante m\u00e1s de 50 a\u00f1os.","robots":{"index":"index","follow":"follow","max-snippet":"max-snippet:-1","max-image-preview":"max-image-preview:large","max-video-preview":"max-video-preview:-1"},"canonical":"https:\/\/tbsfactoring.com\/es\/autoridad-procesal\/","og_locale":"es_MX","og_type":"article","og_title":"Free Trucking Authority Processing Services | TBS","og_description":"Get your trucking authority processed for free courtesy of TBS. Helping truckers start their businesses for over 50 years.","og_url":"https:\/\/tbsfactoring.com\/es\/autoridad-procesal\/","article_modified_time":"2025-05-02T12:33:46+00:00","twitter_card":"summary_large_image","schema":{"@context":"https:\/\/schema.org","@graph":[{"@type":"WebPage","@id":"https:\/\/tbsfactoring.com\/authority-proccessing\/","url":"https:\/\/tbsfactoring.com\/authority-proccessing\/","name":"Servicios gratuitos de tramitaci\u00f3n de autorizaciones de transporte por carretera | TBS","isPartOf":{"@id":"https:\/\/tbsfactoring.com\/#website"},"datePublished":"2025-02-04T05:13:05+00:00","dateModified":"2025-05-02T12:33:46+00:00","description":"Tramite su autorizaci\u00f3n de transporte de forma gratuita por cortes\u00eda de TBS. Ayudando a los camioneros a iniciar sus negocios durante m\u00e1s de 50 a\u00f1os.","breadcrumb":{"@id":"https:\/\/tbsfactoring.com\/authority-proccessing\/#breadcrumb"},"inLanguage":"es","potentialAction":[{"@type":"ReadAction","target":["https:\/\/tbsfactoring.com\/authority-proccessing\/"]}]},{"@type":"BreadcrumbList","@id":"https:\/\/tbsfactoring.com\/authority-proccessing\/#breadcrumb","itemListElement":[{"@type":"ListItem","position":1,"name":"Home","item":"https:\/\/tbsfactoring.com\/"},{"@type":"ListItem","position":2,"name":"Authority Proccessing"}]},{"@type":"WebSite","@id":"https:\/\/tbsfactoring.com\/#website","url":"https:\/\/tbsfactoring.com\/","name":"","description":"","potentialAction":[{"@type":"SearchAction","target":{"@type":"EntryPoint","urlTemplate":"https:\/\/tbsfactoring.com\/?s={search_term_string}"},"query-input":{"@type":"PropertyValueSpecification","valueRequired":true,"valueName":"search_term_string"}}],"inLanguage":"es"}]}},"_links":{"self":[{"href":"https:\/\/tbsfactoring.com\/es\/wp-json\/wp\/v2\/pages\/326","targetHints":{"allow":["GET"]}}],"collection":[{"href":"https:\/\/tbsfactoring.com\/es\/wp-json\/wp\/v2\/pages"}],"about":[{"href":"https:\/\/tbsfactoring.com\/es\/wp-json\/wp\/v2\/types\/page"}],"author":[{"embeddable":true,"href":"https:\/\/tbsfactoring.com\/es\/wp-json\/wp\/v2\/users\/1"}],"replies":[{"embeddable":true,"href":"https:\/\/tbsfactoring.com\/es\/wp-json\/wp\/v2\/comments?post=326"}],"version-history":[{"count":0,"href":"https:\/\/tbsfactoring.com\/es\/wp-json\/wp\/v2\/pages\/326\/revisions"}],"wp:attachment":[{"href":"https:\/\/tbsfactoring.com\/es\/wp-json\/wp\/v2\/media?parent=326"}],"curies":[{"name":"wp","href":"https:\/\/api.w.org\/{rel}","templated":true}]}}