{"id":328,"date":"2025-02-04T05:13:28","date_gmt":"2025-02-04T05:13:28","guid":{"rendered":"https:\/\/tbsfactoring.com\/?page_id=328"},"modified":"2025-05-05T20:53:32","modified_gmt":"2025-05-05T20:53:32","slug":"factoring-de-carga","status":"publish","type":"page","link":"https:\/\/tbsfactoring.com\/es\/freight-factoring\/","title":{"rendered":"Factoring de carga"},"content":{"rendered":"","protected":false},"excerpt":{"rendered":"","protected":false},"author":1,"featured_media":0,"parent":0,"menu_order":0,"comment_status":"closed","ping_status":"closed","template":"template_freight_factoring.php","meta":{"_acf_changed":false,"footnotes":""},"class_list":["post-328","page","type-page","status-publish","hentry"],"acf":[],"yoast_head":"<!-- This site is optimized with the Yoast SEO plugin v27.3 - https:\/\/yoast.com\/product\/yoast-seo-wordpress\/ -->\n<title>Expert Freight Factoring Services | TBS<\/title>\n<meta name=\"description\" content=\"For over 50 years TBS has helped truckers get paid and keep their trucks on the road. Learn more about our freight factoring services.\" \/>\n<meta name=\"robots\" content=\"index, follow, max-snippet:-1, max-image-preview:large, max-video-preview:-1\" \/>\n<link rel=\"canonical\" href=\"https:\/\/tbsfactoring.com\/es\/factoring-de-carga\/\" \/>\n<meta property=\"og:locale\" content=\"es_MX\" \/>\n<meta property=\"og:type\" content=\"article\" \/>\n<meta property=\"og:title\" content=\"Expert Freight Factoring Services | TBS\" \/>\n<meta property=\"og:description\" content=\"For over 50 years TBS has helped truckers get paid and keep their trucks on the road. Learn more about our freight factoring services.\" \/>\n<meta property=\"og:url\" content=\"https:\/\/tbsfactoring.com\/es\/factoring-de-carga\/\" \/>\n<meta property=\"article:modified_time\" content=\"2025-05-05T20:53:32+00:00\" \/>\n<meta name=\"twitter:card\" content=\"summary_large_image\" \/>\n<script type=\"application\/ld+json\" class=\"yoast-schema-graph\">{\"@context\":\"https:\\\/\\\/schema.org\",\"@graph\":[{\"@type\":\"WebPage\",\"@id\":\"https:\\\/\\\/tbsfactoring.com\\\/freight-factoring\\\/\",\"url\":\"https:\\\/\\\/tbsfactoring.com\\\/freight-factoring\\\/\",\"name\":\"Expert Freight Factoring Services | TBS\",\"isPartOf\":{\"@id\":\"https:\\\/\\\/tbsfactoring.com\\\/#website\"},\"datePublished\":\"2025-02-04T05:13:28+00:00\",\"dateModified\":\"2025-05-05T20:53:32+00:00\",\"description\":\"For over 50 years TBS has helped truckers get paid and keep their trucks on the road. Learn more about our freight factoring services.\",\"breadcrumb\":{\"@id\":\"https:\\\/\\\/tbsfactoring.com\\\/freight-factoring\\\/#breadcrumb\"},\"inLanguage\":\"es\",\"potentialAction\":[{\"@type\":\"ReadAction\",\"target\":[\"https:\\\/\\\/tbsfactoring.com\\\/freight-factoring\\\/\"]}]},{\"@type\":\"BreadcrumbList\",\"@id\":\"https:\\\/\\\/tbsfactoring.com\\\/freight-factoring\\\/#breadcrumb\",\"itemListElement\":[{\"@type\":\"ListItem\",\"position\":1,\"name\":\"Home\",\"item\":\"https:\\\/\\\/tbsfactoring.com\\\/\"},{\"@type\":\"ListItem\",\"position\":2,\"name\":\"Freight Factoring\"}]},{\"@type\":\"WebSite\",\"@id\":\"https:\\\/\\\/tbsfactoring.com\\\/#website\",\"url\":\"https:\\\/\\\/tbsfactoring.com\\\/\",\"name\":\"\",\"description\":\"\",\"potentialAction\":[{\"@type\":\"SearchAction\",\"target\":{\"@type\":\"EntryPoint\",\"urlTemplate\":\"https:\\\/\\\/tbsfactoring.com\\\/?s={search_term_string}\"},\"query-input\":{\"@type\":\"PropertyValueSpecification\",\"valueRequired\":true,\"valueName\":\"search_term_string\"}}],\"inLanguage\":\"es\"}]}<\/script>\n<!-- \/ Yoast SEO plugin. -->","yoast_head_json":{"title":"Servicios expertos de factoring de carga | TBS","description":"Durante m\u00e1s de 50 a\u00f1os, TBS ha ayudado a los camioneros a cobrar y a mantener sus camiones en la carretera. Obtenga m\u00e1s informaci\u00f3n sobre nuestros servicios de factoraje de carga.","robots":{"index":"index","follow":"follow","max-snippet":"max-snippet:-1","max-image-preview":"max-image-preview:large","max-video-preview":"max-video-preview:-1"},"canonical":"https:\/\/tbsfactoring.com\/es\/factoring-de-carga\/","og_locale":"es_MX","og_type":"article","og_title":"Expert Freight Factoring Services | TBS","og_description":"For over 50 years TBS has helped truckers get paid and keep their trucks on the road. Learn more about our freight factoring services.","og_url":"https:\/\/tbsfactoring.com\/es\/factoring-de-carga\/","article_modified_time":"2025-05-05T20:53:32+00:00","twitter_card":"summary_large_image","schema":{"@context":"https:\/\/schema.org","@graph":[{"@type":"WebPage","@id":"https:\/\/tbsfactoring.com\/freight-factoring\/","url":"https:\/\/tbsfactoring.com\/freight-factoring\/","name":"Servicios expertos de factoring de carga | TBS","isPartOf":{"@id":"https:\/\/tbsfactoring.com\/#website"},"datePublished":"2025-02-04T05:13:28+00:00","dateModified":"2025-05-05T20:53:32+00:00","description":"Durante m\u00e1s de 50 a\u00f1os, TBS ha ayudado a los camioneros a cobrar y a mantener sus camiones en la carretera. Obtenga m\u00e1s informaci\u00f3n sobre nuestros servicios de factoraje de carga.","breadcrumb":{"@id":"https:\/\/tbsfactoring.com\/freight-factoring\/#breadcrumb"},"inLanguage":"es","potentialAction":[{"@type":"ReadAction","target":["https:\/\/tbsfactoring.com\/freight-factoring\/"]}]},{"@type":"BreadcrumbList","@id":"https:\/\/tbsfactoring.com\/freight-factoring\/#breadcrumb","itemListElement":[{"@type":"ListItem","position":1,"name":"Home","item":"https:\/\/tbsfactoring.com\/"},{"@type":"ListItem","position":2,"name":"Freight Factoring"}]},{"@type":"WebSite","@id":"https:\/\/tbsfactoring.com\/#website","url":"https:\/\/tbsfactoring.com\/","name":"","description":"","potentialAction":[{"@type":"SearchAction","target":{"@type":"EntryPoint","urlTemplate":"https:\/\/tbsfactoring.com\/?s={search_term_string}"},"query-input":{"@type":"PropertyValueSpecification","valueRequired":true,"valueName":"search_term_string"}}],"inLanguage":"es"}]}},"_links":{"self":[{"href":"https:\/\/tbsfactoring.com\/es\/wp-json\/wp\/v2\/pages\/328","targetHints":{"allow":["GET"]}}],"collection":[{"href":"https:\/\/tbsfactoring.com\/es\/wp-json\/wp\/v2\/pages"}],"about":[{"href":"https:\/\/tbsfactoring.com\/es\/wp-json\/wp\/v2\/types\/page"}],"author":[{"embeddable":true,"href":"https:\/\/tbsfactoring.com\/es\/wp-json\/wp\/v2\/users\/1"}],"replies":[{"embeddable":true,"href":"https:\/\/tbsfactoring.com\/es\/wp-json\/wp\/v2\/comments?post=328"}],"version-history":[{"count":0,"href":"https:\/\/tbsfactoring.com\/es\/wp-json\/wp\/v2\/pages\/328\/revisions"}],"wp:attachment":[{"href":"https:\/\/tbsfactoring.com\/es\/wp-json\/wp\/v2\/media?parent=328"}],"curies":[{"name":"wp","href":"https:\/\/api.w.org\/{rel}","templated":true}]}}