{"id":4699,"date":"2025-02-10T06:56:05","date_gmt":"2025-02-10T06:56:05","guid":{"rendered":"https:\/\/tbsfactoring.com\/?page_id=4699"},"modified":"2025-05-02T11:29:28","modified_gmt":"2025-05-02T11:29:28","slug":"recursos-para-camioneros","status":"publish","type":"page","link":"https:\/\/tbsfactoring.com\/es\/truckers-resources\/","title":{"rendered":"Recursos para camioneros"},"content":{"rendered":"","protected":false},"excerpt":{"rendered":"","protected":false},"author":1,"featured_media":0,"parent":0,"menu_order":0,"comment_status":"closed","ping_status":"closed","template":"template-resources.php","meta":{"_acf_changed":false,"footnotes":""},"class_list":["post-4699","page","type-page","status-publish","hentry"],"acf":[],"yoast_head":"<!-- This site is optimized with the Yoast SEO plugin v27.5 - https:\/\/yoast.com\/product\/yoast-seo-wordpress\/ -->\n<title>Freight Factoring Resources | TBS<\/title>\n<meta name=\"description\" content=\"View the TBS collection of freight factoring white papers, e-books, blogs, and more. Expert insights into the trucking.\" \/>\n<meta name=\"robots\" content=\"index, follow, max-snippet:-1, max-image-preview:large, max-video-preview:-1\" \/>\n<link rel=\"canonical\" href=\"https:\/\/tbsfactoring.com\/es\/recursos-para-camioneros\/\" \/>\n<meta property=\"og:locale\" content=\"es_MX\" \/>\n<meta property=\"og:type\" content=\"article\" \/>\n<meta property=\"og:title\" content=\"Freight Factoring Resources | TBS\" \/>\n<meta property=\"og:description\" content=\"View the TBS collection of freight factoring white papers, e-books, blogs, and more. Expert insights into the trucking.\" \/>\n<meta property=\"og:url\" content=\"https:\/\/tbsfactoring.com\/es\/recursos-para-camioneros\/\" \/>\n<meta property=\"article:modified_time\" content=\"2025-05-02T11:29:28+00:00\" \/>\n<meta name=\"twitter:card\" content=\"summary_large_image\" \/>\n<script type=\"application\/ld+json\" class=\"yoast-schema-graph\">{\"@context\":\"https:\\\/\\\/schema.org\",\"@graph\":[{\"@type\":\"WebPage\",\"@id\":\"https:\\\/\\\/tbsfactoring.com\\\/truckers-resources\\\/\",\"url\":\"https:\\\/\\\/tbsfactoring.com\\\/truckers-resources\\\/\",\"name\":\"Freight Factoring Resources | TBS\",\"isPartOf\":{\"@id\":\"https:\\\/\\\/tbsfactoring.com\\\/#website\"},\"datePublished\":\"2025-02-10T06:56:05+00:00\",\"dateModified\":\"2025-05-02T11:29:28+00:00\",\"description\":\"View the TBS collection of freight factoring white papers, e-books, blogs, and more. Expert insights into the trucking.\",\"breadcrumb\":{\"@id\":\"https:\\\/\\\/tbsfactoring.com\\\/truckers-resources\\\/#breadcrumb\"},\"inLanguage\":\"es\",\"potentialAction\":[{\"@type\":\"ReadAction\",\"target\":[\"https:\\\/\\\/tbsfactoring.com\\\/truckers-resources\\\/\"]}]},{\"@type\":\"BreadcrumbList\",\"@id\":\"https:\\\/\\\/tbsfactoring.com\\\/truckers-resources\\\/#breadcrumb\",\"itemListElement\":[{\"@type\":\"ListItem\",\"position\":1,\"name\":\"Home\",\"item\":\"https:\\\/\\\/tbsfactoring.com\\\/\"},{\"@type\":\"ListItem\",\"position\":2,\"name\":\"Trucker&#8217;s Resources\"}]},{\"@type\":\"WebSite\",\"@id\":\"https:\\\/\\\/tbsfactoring.com\\\/#website\",\"url\":\"https:\\\/\\\/tbsfactoring.com\\\/\",\"name\":\"\",\"description\":\"\",\"potentialAction\":[{\"@type\":\"SearchAction\",\"target\":{\"@type\":\"EntryPoint\",\"urlTemplate\":\"https:\\\/\\\/tbsfactoring.com\\\/?s={search_term_string}\"},\"query-input\":{\"@type\":\"PropertyValueSpecification\",\"valueRequired\":true,\"valueName\":\"search_term_string\"}}],\"inLanguage\":\"es\"}]}<\/script>\n<!-- \/ Yoast SEO plugin. -->","yoast_head_json":{"title":"Recursos de factoraje de carga | TBS","description":"Consulte la colecci\u00f3n TBS de libros blancos, libros electr\u00f3nicos, blogs y mucho m\u00e1s. Perspectivas expertas sobre el transporte por carretera.","robots":{"index":"index","follow":"follow","max-snippet":"max-snippet:-1","max-image-preview":"max-image-preview:large","max-video-preview":"max-video-preview:-1"},"canonical":"https:\/\/tbsfactoring.com\/es\/recursos-para-camioneros\/","og_locale":"es_MX","og_type":"article","og_title":"Freight Factoring Resources | TBS","og_description":"View the TBS collection of freight factoring white papers, e-books, blogs, and more. Expert insights into the trucking.","og_url":"https:\/\/tbsfactoring.com\/es\/recursos-para-camioneros\/","article_modified_time":"2025-05-02T11:29:28+00:00","twitter_card":"summary_large_image","schema":{"@context":"https:\/\/schema.org","@graph":[{"@type":"WebPage","@id":"https:\/\/tbsfactoring.com\/truckers-resources\/","url":"https:\/\/tbsfactoring.com\/truckers-resources\/","name":"Recursos de factoraje de carga | TBS","isPartOf":{"@id":"https:\/\/tbsfactoring.com\/#website"},"datePublished":"2025-02-10T06:56:05+00:00","dateModified":"2025-05-02T11:29:28+00:00","description":"Consulte la colecci\u00f3n TBS de libros blancos, libros electr\u00f3nicos, blogs y mucho m\u00e1s. Perspectivas expertas sobre el transporte por carretera.","breadcrumb":{"@id":"https:\/\/tbsfactoring.com\/truckers-resources\/#breadcrumb"},"inLanguage":"es","potentialAction":[{"@type":"ReadAction","target":["https:\/\/tbsfactoring.com\/truckers-resources\/"]}]},{"@type":"BreadcrumbList","@id":"https:\/\/tbsfactoring.com\/truckers-resources\/#breadcrumb","itemListElement":[{"@type":"ListItem","position":1,"name":"Home","item":"https:\/\/tbsfactoring.com\/"},{"@type":"ListItem","position":2,"name":"Trucker&#8217;s Resources"}]},{"@type":"WebSite","@id":"https:\/\/tbsfactoring.com\/#website","url":"https:\/\/tbsfactoring.com\/","name":"","description":"","potentialAction":[{"@type":"SearchAction","target":{"@type":"EntryPoint","urlTemplate":"https:\/\/tbsfactoring.com\/?s={search_term_string}"},"query-input":{"@type":"PropertyValueSpecification","valueRequired":true,"valueName":"search_term_string"}}],"inLanguage":"es"}]}},"_links":{"self":[{"href":"https:\/\/tbsfactoring.com\/es\/wp-json\/wp\/v2\/pages\/4699","targetHints":{"allow":["GET"]}}],"collection":[{"href":"https:\/\/tbsfactoring.com\/es\/wp-json\/wp\/v2\/pages"}],"about":[{"href":"https:\/\/tbsfactoring.com\/es\/wp-json\/wp\/v2\/types\/page"}],"author":[{"embeddable":true,"href":"https:\/\/tbsfactoring.com\/es\/wp-json\/wp\/v2\/users\/1"}],"replies":[{"embeddable":true,"href":"https:\/\/tbsfactoring.com\/es\/wp-json\/wp\/v2\/comments?post=4699"}],"version-history":[{"count":0,"href":"https:\/\/tbsfactoring.com\/es\/wp-json\/wp\/v2\/pages\/4699\/revisions"}],"wp:attachment":[{"href":"https:\/\/tbsfactoring.com\/es\/wp-json\/wp\/v2\/media?parent=4699"}],"curies":[{"name":"wp","href":"https:\/\/api.w.org\/{rel}","templated":true}]}}