{"id":4980,"date":"2025-02-12T11:03:50","date_gmt":"2025-02-12T11:03:50","guid":{"rendered":"https:\/\/tbsfactoring.com\/?page_id=4980"},"modified":"2025-05-07T16:36:28","modified_gmt":"2025-05-07T16:36:28","slug":"enlaces-utiles","status":"publish","type":"page","link":"https:\/\/tbsfactoring.com\/es\/helpful-links\/","title":{"rendered":"Enlaces \u00fatiles"},"content":{"rendered":"","protected":false},"excerpt":{"rendered":"","protected":false},"author":1,"featured_media":0,"parent":0,"menu_order":0,"comment_status":"closed","ping_status":"closed","template":"template-helpful-links.php","meta":{"_acf_changed":false,"footnotes":""},"class_list":["post-4980","page","type-page","status-publish","hentry"],"acf":[],"yoast_head":"<!-- This site is optimized with the Yoast SEO plugin v27.3 - https:\/\/yoast.com\/product\/yoast-seo-wordpress\/ -->\n<title>Helpful Links For Truckers | TBS Factoring<\/title>\n<meta name=\"description\" content=\"TBS helps truckers get paid and focus on running their businesses by providing unmatched freight factoring support.\" \/>\n<meta name=\"robots\" content=\"index, follow, max-snippet:-1, max-image-preview:large, max-video-preview:-1\" \/>\n<link rel=\"canonical\" href=\"https:\/\/tbsfactoring.com\/es\/enlaces-utiles\/\" \/>\n<meta property=\"og:locale\" content=\"es_MX\" \/>\n<meta property=\"og:type\" content=\"article\" \/>\n<meta property=\"og:title\" content=\"Helpful Links For Truckers | TBS Factoring\" \/>\n<meta property=\"og:description\" content=\"TBS helps truckers get paid and focus on running their businesses by providing unmatched freight factoring support.\" \/>\n<meta property=\"og:url\" content=\"https:\/\/tbsfactoring.com\/es\/enlaces-utiles\/\" \/>\n<meta property=\"article:modified_time\" content=\"2025-05-07T16:36:28+00:00\" \/>\n<meta name=\"twitter:card\" content=\"summary_large_image\" \/>\n<script type=\"application\/ld+json\" class=\"yoast-schema-graph\">{\"@context\":\"https:\\\/\\\/schema.org\",\"@graph\":[{\"@type\":\"WebPage\",\"@id\":\"https:\\\/\\\/tbsfactoring.com\\\/helpful-links\\\/\",\"url\":\"https:\\\/\\\/tbsfactoring.com\\\/helpful-links\\\/\",\"name\":\"Helpful Links For Truckers | TBS Factoring\",\"isPartOf\":{\"@id\":\"https:\\\/\\\/tbsfactoring.com\\\/#website\"},\"datePublished\":\"2025-02-12T11:03:50+00:00\",\"dateModified\":\"2025-05-07T16:36:28+00:00\",\"description\":\"TBS helps truckers get paid and focus on running their businesses by providing unmatched freight factoring support.\",\"breadcrumb\":{\"@id\":\"https:\\\/\\\/tbsfactoring.com\\\/helpful-links\\\/#breadcrumb\"},\"inLanguage\":\"es\",\"potentialAction\":[{\"@type\":\"ReadAction\",\"target\":[\"https:\\\/\\\/tbsfactoring.com\\\/helpful-links\\\/\"]}]},{\"@type\":\"BreadcrumbList\",\"@id\":\"https:\\\/\\\/tbsfactoring.com\\\/helpful-links\\\/#breadcrumb\",\"itemListElement\":[{\"@type\":\"ListItem\",\"position\":1,\"name\":\"Home\",\"item\":\"https:\\\/\\\/tbsfactoring.com\\\/\"},{\"@type\":\"ListItem\",\"position\":2,\"name\":\"Helpful Links\"}]},{\"@type\":\"WebSite\",\"@id\":\"https:\\\/\\\/tbsfactoring.com\\\/#website\",\"url\":\"https:\\\/\\\/tbsfactoring.com\\\/\",\"name\":\"\",\"description\":\"\",\"potentialAction\":[{\"@type\":\"SearchAction\",\"target\":{\"@type\":\"EntryPoint\",\"urlTemplate\":\"https:\\\/\\\/tbsfactoring.com\\\/?s={search_term_string}\"},\"query-input\":{\"@type\":\"PropertyValueSpecification\",\"valueRequired\":true,\"valueName\":\"search_term_string\"}}],\"inLanguage\":\"es\"}]}<\/script>\n<!-- \/ Yoast SEO plugin. -->","yoast_head_json":{"title":"Enlaces \u00fatiles para camioneros | TBS Factoring","description":"TBS ayuda a los camioneros a cobrar y a centrarse en la gesti\u00f3n de sus negocios ofreci\u00e9ndoles un apoyo inigualable en factoraje de fletes.","robots":{"index":"index","follow":"follow","max-snippet":"max-snippet:-1","max-image-preview":"max-image-preview:large","max-video-preview":"max-video-preview:-1"},"canonical":"https:\/\/tbsfactoring.com\/es\/enlaces-utiles\/","og_locale":"es_MX","og_type":"article","og_title":"Helpful Links For Truckers | TBS Factoring","og_description":"TBS helps truckers get paid and focus on running their businesses by providing unmatched freight factoring support.","og_url":"https:\/\/tbsfactoring.com\/es\/enlaces-utiles\/","article_modified_time":"2025-05-07T16:36:28+00:00","twitter_card":"summary_large_image","schema":{"@context":"https:\/\/schema.org","@graph":[{"@type":"WebPage","@id":"https:\/\/tbsfactoring.com\/helpful-links\/","url":"https:\/\/tbsfactoring.com\/helpful-links\/","name":"Enlaces \u00fatiles para camioneros | TBS Factoring","isPartOf":{"@id":"https:\/\/tbsfactoring.com\/#website"},"datePublished":"2025-02-12T11:03:50+00:00","dateModified":"2025-05-07T16:36:28+00:00","description":"TBS ayuda a los camioneros a cobrar y a centrarse en la gesti\u00f3n de sus negocios ofreci\u00e9ndoles un apoyo inigualable en factoraje de fletes.","breadcrumb":{"@id":"https:\/\/tbsfactoring.com\/helpful-links\/#breadcrumb"},"inLanguage":"es","potentialAction":[{"@type":"ReadAction","target":["https:\/\/tbsfactoring.com\/helpful-links\/"]}]},{"@type":"BreadcrumbList","@id":"https:\/\/tbsfactoring.com\/helpful-links\/#breadcrumb","itemListElement":[{"@type":"ListItem","position":1,"name":"Home","item":"https:\/\/tbsfactoring.com\/"},{"@type":"ListItem","position":2,"name":"Helpful Links"}]},{"@type":"WebSite","@id":"https:\/\/tbsfactoring.com\/#website","url":"https:\/\/tbsfactoring.com\/","name":"","description":"","potentialAction":[{"@type":"SearchAction","target":{"@type":"EntryPoint","urlTemplate":"https:\/\/tbsfactoring.com\/?s={search_term_string}"},"query-input":{"@type":"PropertyValueSpecification","valueRequired":true,"valueName":"search_term_string"}}],"inLanguage":"es"}]}},"_links":{"self":[{"href":"https:\/\/tbsfactoring.com\/es\/wp-json\/wp\/v2\/pages\/4980","targetHints":{"allow":["GET"]}}],"collection":[{"href":"https:\/\/tbsfactoring.com\/es\/wp-json\/wp\/v2\/pages"}],"about":[{"href":"https:\/\/tbsfactoring.com\/es\/wp-json\/wp\/v2\/types\/page"}],"author":[{"embeddable":true,"href":"https:\/\/tbsfactoring.com\/es\/wp-json\/wp\/v2\/users\/1"}],"replies":[{"embeddable":true,"href":"https:\/\/tbsfactoring.com\/es\/wp-json\/wp\/v2\/comments?post=4980"}],"version-history":[{"count":0,"href":"https:\/\/tbsfactoring.com\/es\/wp-json\/wp\/v2\/pages\/4980\/revisions"}],"wp:attachment":[{"href":"https:\/\/tbsfactoring.com\/es\/wp-json\/wp\/v2\/media?parent=4980"}],"curies":[{"name":"wp","href":"https:\/\/api.w.org\/{rel}","templated":true}]}}