{"id":5732,"date":"2025-05-02T10:43:13","date_gmt":"2025-05-02T10:43:13","guid":{"rendered":"https:\/\/tbsfactoring.com\/?page_id=5732"},"modified":"2025-05-05T07:38:23","modified_gmt":"2025-05-05T07:38:23","slug":"tipografia","status":"publish","type":"page","link":"https:\/\/tbsfactoring.com\/es\/typography\/","title":{"rendered":"Tipograf\u00eda"},"content":{"rendered":"<h1>Heading1 - font-size:160px<\/h1>\n<h2>Heading2 - font-size:50px<\/h2>\n<h3>Heading3 - font-size:40px<\/h3>\n<h4>Heading4 - font-size:26px<\/h4>\n<h5>Heading5 - font-size:25px<\/h5>\n<h6>Heading6 - font-size:20px<\/h6>\n<p><\/p>\n<h3>Fuentes cursivas:-<\/h3>\n<p><i>Lorem Ipsum es simplemente un texto ficticio de la industria de la impresi\u00f3n y la composici\u00f3n tipogr\u00e1fica.<\/i><\/p>\n<h3>P\u00e1rrafo y contenido:-<\/h3>\n<p><strong>Lorem Ipsum<\/strong>es simplemente el texto ficticio de la industria tipogr\u00e1fica. Lorem Ipsum ha sido el texto ficticio est\u00e1ndar de la industria desde el siglo XVI, cuando un impresor desconocido tom\u00f3 una galera de tipos y la revolvi\u00f3 para hacer un libro de muestras tipogr\u00e1ficas. Ha sobrevivido no s\u00f3lo a cinco siglos, sino tambi\u00e9n al salto a la composici\u00f3n electr\u00f3nica, permaneciendo esencialmente inalterado. Se populariz\u00f3 en los a\u00f1os 60 con la aparici\u00f3n de las hojas Letraset, que conten\u00edan pasajes de Lorem Ipsum, y m\u00e1s recientemente con programas de autoedici\u00f3n como Aldus PageMaker, que inclu\u00edan versiones de Lorem Ipsum. Lorem Ipsum no es m\u00e1s que el texto ficticio de la industria tipogr\u00e1fica. Lorem Ipsum ha sido el texto ficticio est\u00e1ndar de la industria desde el siglo XVI, cuando un impresor desconocido cogi\u00f3 una galera de tipos y la revolvi\u00f3 para hacer un libro de muestras tipogr\u00e1ficas. Ha sobrevivido no s\u00f3lo a cinco siglos, sino tambi\u00e9n al salto a la composici\u00f3n electr\u00f3nica, permaneciendo esencialmente inalterado. Se populariz\u00f3 en los a\u00f1os 60 con la aparici\u00f3n de las hojas Letraset, que conten\u00edan pasajes de Lorem Ipsum, y m\u00e1s recientemente con programas de autoedici\u00f3n como Aldus PageMaker, que inclu\u00edan versiones de Lorem Ipsum.<\/p>\n<div class=\"test-image\"><\/div>\n<p><strong>Lorem Ipsum<\/strong> es simplemente un texto ficticio de la industria de la impresi\u00f3n y la composici\u00f3n tipogr\u00e1fica. Lorem Ipsum ha sido el texto ficticio est\u00e1ndar de la industria y la<\/p>\n<h3>Lista desordenada:-<\/h3>\n<ul class=\"unordered-default\">\n<li>Lorem Ipsum1<\/li>\n<li>Lorem Ipsum2<\/li>\n<li>Lorem Ipsum3<\/li>\n<li>Lorem Ipsum4<\/li>\n<li>Lorem Ipsum5<\/li>\n<li>Lorem Ipsum6<\/li>\n<li>Lorem Ipsum7<\/li>\n<\/ul>\n<h3>Lista ordenada:-<\/h3>\n<ol class=\"order-list-default\">\n<li>Lorem Ipsum1<\/li>\n<li>Lorem Ipsum2<\/li>\n<li>Lorem Ipsum3<\/li>\n<li>Lorem Ipsum4<\/li>\n<li>Lorem Ipsum5<\/li>\n<li>Lorem Ipsum6<\/li>\n<li>Lorem Ipsum7<\/li>\n<\/ol>\n<div class=\"color-platee\">\n<h3>Paleta de colores:<\/h3>\n<div class=\"color-inner\">\n<div class=\"color-card\">\n<div class=\"comn-colr red\"><\/div>\n<p>Hexa #e31b23<\/p>\n<\/div>\n<div class=\"color-card\">\n<div class=\"comn-colr black\"><\/div>\n<p>Hexa #000000<\/p>\n<\/div>\n<\/div>\n<div class=\"typo-btn\">\n<h3>Botones:<\/h3>\n<div class=\"trap-btn\">\n<div class=\"navbar-btn\"><a class=\"btn-reserve\" href=\"#\">saber m\u00e1s<\/a><\/div>\n<div class=\"cmn-btn\"><a href=\"#\">leer m\u00e1s<\/a><\/div>\n<\/div>\n<\/div>\n<\/div>","protected":false},"excerpt":{"rendered":"<p>Encabezado1 - tama\u00f1o de fuente:160px Encabezado2 - tama\u00f1o de fuente:50px Encabezado3 - tama\u00f1o de fuente:40px Encabezado4 - tama\u00f1o de fuente:26px Encabezado5 - tama\u00f1o de fuente:25px Encabezado6 - tama\u00f1o de fuente:20px Fuentes cursivas:- Lorem Ipsum es simplemente texto ficticio de la industria de la impresi\u00f3n y la composici\u00f3n tipogr\u00e1fica P\u00e1rrafo y contenido:- Lorem Ipsum es simplemente texto ficticio ... <a href=\"https:\/\/tbsfactoring.com\/es\/typography\/\">Seguir leyendo <span class=\"meta-nav\">\u2192<\/span><\/a><\/p>","protected":false},"author":1,"featured_media":0,"parent":0,"menu_order":0,"comment_status":"closed","ping_status":"closed","template":"template-typography.php","meta":{"_acf_changed":false,"footnotes":""},"class_list":["post-5732","page","type-page","status-publish","hentry"],"acf":[],"yoast_head":"<!-- This site is optimized with the Yoast SEO plugin v27.5 - https:\/\/yoast.com\/product\/yoast-seo-wordpress\/ -->\n<title>Typography -<\/title>\n<meta name=\"robots\" content=\"index, follow, max-snippet:-1, max-image-preview:large, max-video-preview:-1\" \/>\n<link rel=\"canonical\" href=\"https:\/\/tbsfactoring.com\/es\/tipografia\/\" \/>\n<meta property=\"og:locale\" content=\"es_MX\" \/>\n<meta property=\"og:type\" content=\"article\" \/>\n<meta property=\"og:title\" content=\"Typography -\" \/>\n<meta property=\"og:description\" content=\"Heading1 &#8211; font-size:160px Heading2 &#8211; font-size:50px Heading3 &#8211; font-size:40px Heading4 &#8211; font-size:26px Heading5 &#8211; font-size:25px Heading6 &#8211; font-size:20px Italic fonts:- Lorem Ipsum is simply dummy text of the printing and typesetting industry Paragraph and content:- Lorem Ipsumis simply dummy text &hellip; Continue reading &rarr;\" \/>\n<meta property=\"og:url\" content=\"https:\/\/tbsfactoring.com\/es\/tipografia\/\" \/>\n<meta property=\"article:modified_time\" content=\"2025-05-05T07:38:23+00:00\" \/>\n<meta name=\"twitter:card\" content=\"summary_large_image\" \/>\n<meta name=\"twitter:label1\" content=\"Tiempo de lectura\" \/>\n\t<meta name=\"twitter:data1\" content=\"2 minutos\" \/>\n<script type=\"application\/ld+json\" class=\"yoast-schema-graph\">{\"@context\":\"https:\\\/\\\/schema.org\",\"@graph\":[{\"@type\":\"WebPage\",\"@id\":\"https:\\\/\\\/tbsfactoring.com\\\/typography\\\/\",\"url\":\"https:\\\/\\\/tbsfactoring.com\\\/typography\\\/\",\"name\":\"Typography -\",\"isPartOf\":{\"@id\":\"https:\\\/\\\/tbsfactoring.com\\\/#website\"},\"datePublished\":\"2025-05-02T10:43:13+00:00\",\"dateModified\":\"2025-05-05T07:38:23+00:00\",\"breadcrumb\":{\"@id\":\"https:\\\/\\\/tbsfactoring.com\\\/typography\\\/#breadcrumb\"},\"inLanguage\":\"es\",\"potentialAction\":[{\"@type\":\"ReadAction\",\"target\":[\"https:\\\/\\\/tbsfactoring.com\\\/typography\\\/\"]}]},{\"@type\":\"BreadcrumbList\",\"@id\":\"https:\\\/\\\/tbsfactoring.com\\\/typography\\\/#breadcrumb\",\"itemListElement\":[{\"@type\":\"ListItem\",\"position\":1,\"name\":\"Home\",\"item\":\"https:\\\/\\\/tbsfactoring.com\\\/\"},{\"@type\":\"ListItem\",\"position\":2,\"name\":\"Typography\"}]},{\"@type\":\"WebSite\",\"@id\":\"https:\\\/\\\/tbsfactoring.com\\\/#website\",\"url\":\"https:\\\/\\\/tbsfactoring.com\\\/\",\"name\":\"\",\"description\":\"\",\"potentialAction\":[{\"@type\":\"SearchAction\",\"target\":{\"@type\":\"EntryPoint\",\"urlTemplate\":\"https:\\\/\\\/tbsfactoring.com\\\/?s={search_term_string}\"},\"query-input\":{\"@type\":\"PropertyValueSpecification\",\"valueRequired\":true,\"valueName\":\"search_term_string\"}}],\"inLanguage\":\"es\"}]}<\/script>\n<!-- \/ Yoast SEO plugin. -->","yoast_head_json":{"title":"Tipograf\u00eda -","robots":{"index":"index","follow":"follow","max-snippet":"max-snippet:-1","max-image-preview":"max-image-preview:large","max-video-preview":"max-video-preview:-1"},"canonical":"https:\/\/tbsfactoring.com\/es\/tipografia\/","og_locale":"es_MX","og_type":"article","og_title":"Typography -","og_description":"Heading1 &#8211; font-size:160px Heading2 &#8211; font-size:50px Heading3 &#8211; font-size:40px Heading4 &#8211; font-size:26px Heading5 &#8211; font-size:25px Heading6 &#8211; font-size:20px Italic fonts:- Lorem Ipsum is simply dummy text of the printing and typesetting industry Paragraph and content:- Lorem Ipsumis simply dummy text &hellip; Continue reading &rarr;","og_url":"https:\/\/tbsfactoring.com\/es\/tipografia\/","article_modified_time":"2025-05-05T07:38:23+00:00","twitter_card":"summary_large_image","twitter_misc":{"Tiempo de lectura":"2 minutos"},"schema":{"@context":"https:\/\/schema.org","@graph":[{"@type":"WebPage","@id":"https:\/\/tbsfactoring.com\/typography\/","url":"https:\/\/tbsfactoring.com\/typography\/","name":"Tipograf\u00eda -","isPartOf":{"@id":"https:\/\/tbsfactoring.com\/#website"},"datePublished":"2025-05-02T10:43:13+00:00","dateModified":"2025-05-05T07:38:23+00:00","breadcrumb":{"@id":"https:\/\/tbsfactoring.com\/typography\/#breadcrumb"},"inLanguage":"es","potentialAction":[{"@type":"ReadAction","target":["https:\/\/tbsfactoring.com\/typography\/"]}]},{"@type":"BreadcrumbList","@id":"https:\/\/tbsfactoring.com\/typography\/#breadcrumb","itemListElement":[{"@type":"ListItem","position":1,"name":"Home","item":"https:\/\/tbsfactoring.com\/"},{"@type":"ListItem","position":2,"name":"Typography"}]},{"@type":"WebSite","@id":"https:\/\/tbsfactoring.com\/#website","url":"https:\/\/tbsfactoring.com\/","name":"","description":"","potentialAction":[{"@type":"SearchAction","target":{"@type":"EntryPoint","urlTemplate":"https:\/\/tbsfactoring.com\/?s={search_term_string}"},"query-input":{"@type":"PropertyValueSpecification","valueRequired":true,"valueName":"search_term_string"}}],"inLanguage":"es"}]}},"_links":{"self":[{"href":"https:\/\/tbsfactoring.com\/es\/wp-json\/wp\/v2\/pages\/5732","targetHints":{"allow":["GET"]}}],"collection":[{"href":"https:\/\/tbsfactoring.com\/es\/wp-json\/wp\/v2\/pages"}],"about":[{"href":"https:\/\/tbsfactoring.com\/es\/wp-json\/wp\/v2\/types\/page"}],"author":[{"embeddable":true,"href":"https:\/\/tbsfactoring.com\/es\/wp-json\/wp\/v2\/users\/1"}],"replies":[{"embeddable":true,"href":"https:\/\/tbsfactoring.com\/es\/wp-json\/wp\/v2\/comments?post=5732"}],"version-history":[{"count":0,"href":"https:\/\/tbsfactoring.com\/es\/wp-json\/wp\/v2\/pages\/5732\/revisions"}],"wp:attachment":[{"href":"https:\/\/tbsfactoring.com\/es\/wp-json\/wp\/v2\/media?parent=5732"}],"curies":[{"name":"wp","href":"https:\/\/api.w.org\/{rel}","templated":true}]}}