{"id":654,"date":"2025-02-07T06:05:27","date_gmt":"2025-02-07T06:05:27","guid":{"rendered":"https:\/\/tbsfactoring.com\/?page_id=654"},"modified":"2025-05-07T16:40:10","modified_gmt":"2025-05-07T16:40:10","slug":"condiciones-del-servicio","status":"publish","type":"page","link":"https:\/\/tbsfactoring.com\/es\/terms-of-service\/","title":{"rendered":"Condiciones de uso"},"content":{"rendered":"","protected":false},"excerpt":{"rendered":"","protected":false},"author":1,"featured_media":0,"parent":0,"menu_order":0,"comment_status":"closed","ping_status":"closed","template":"template-terms-of-service.php","meta":{"_acf_changed":false,"footnotes":""},"class_list":["post-654","page","type-page","status-publish","hentry"],"acf":[],"yoast_head":"<!-- This site is optimized with the Yoast SEO plugin v27.4 - https:\/\/yoast.com\/product\/yoast-seo-wordpress\/ -->\n<title>Terms of Service | TBS Factoring<\/title>\n<meta name=\"description\" content=\"Contact TBS Factoring to learn more about how we can help your trucking business take the next step with freight factoring services.\" \/>\n<meta name=\"robots\" content=\"index, follow, max-snippet:-1, max-image-preview:large, max-video-preview:-1\" \/>\n<link rel=\"canonical\" href=\"https:\/\/tbsfactoring.com\/es\/condiciones-del-servicio\/\" \/>\n<meta property=\"og:locale\" content=\"es_MX\" \/>\n<meta property=\"og:type\" content=\"article\" \/>\n<meta property=\"og:title\" content=\"Terms of Service | TBS Factoring\" \/>\n<meta property=\"og:description\" content=\"Contact TBS Factoring to learn more about how we can help your trucking business take the next step with freight factoring services.\" \/>\n<meta property=\"og:url\" content=\"https:\/\/tbsfactoring.com\/es\/condiciones-del-servicio\/\" \/>\n<meta property=\"article:modified_time\" content=\"2025-05-07T16:40:10+00:00\" \/>\n<meta name=\"twitter:card\" content=\"summary_large_image\" \/>\n<script type=\"application\/ld+json\" class=\"yoast-schema-graph\">{\"@context\":\"https:\\\/\\\/schema.org\",\"@graph\":[{\"@type\":\"WebPage\",\"@id\":\"https:\\\/\\\/tbsfactoring.com\\\/terms-of-service\\\/\",\"url\":\"https:\\\/\\\/tbsfactoring.com\\\/terms-of-service\\\/\",\"name\":\"Terms of Service | TBS Factoring\",\"isPartOf\":{\"@id\":\"https:\\\/\\\/tbsfactoring.com\\\/#website\"},\"datePublished\":\"2025-02-07T06:05:27+00:00\",\"dateModified\":\"2025-05-07T16:40:10+00:00\",\"description\":\"Contact TBS Factoring to learn more about how we can help your trucking business take the next step with freight factoring services.\",\"breadcrumb\":{\"@id\":\"https:\\\/\\\/tbsfactoring.com\\\/terms-of-service\\\/#breadcrumb\"},\"inLanguage\":\"es\",\"potentialAction\":[{\"@type\":\"ReadAction\",\"target\":[\"https:\\\/\\\/tbsfactoring.com\\\/terms-of-service\\\/\"]}]},{\"@type\":\"BreadcrumbList\",\"@id\":\"https:\\\/\\\/tbsfactoring.com\\\/terms-of-service\\\/#breadcrumb\",\"itemListElement\":[{\"@type\":\"ListItem\",\"position\":1,\"name\":\"Home\",\"item\":\"https:\\\/\\\/tbsfactoring.com\\\/\"},{\"@type\":\"ListItem\",\"position\":2,\"name\":\"Terms of Service\"}]},{\"@type\":\"WebSite\",\"@id\":\"https:\\\/\\\/tbsfactoring.com\\\/#website\",\"url\":\"https:\\\/\\\/tbsfactoring.com\\\/\",\"name\":\"\",\"description\":\"\",\"potentialAction\":[{\"@type\":\"SearchAction\",\"target\":{\"@type\":\"EntryPoint\",\"urlTemplate\":\"https:\\\/\\\/tbsfactoring.com\\\/?s={search_term_string}\"},\"query-input\":{\"@type\":\"PropertyValueSpecification\",\"valueRequired\":true,\"valueName\":\"search_term_string\"}}],\"inLanguage\":\"es\"}]}<\/script>\n<!-- \/ Yoast SEO plugin. -->","yoast_head_json":{"title":"Condiciones de servicio | TBS Factoring","description":"P\u00f3ngase en contacto con TBS Factoring para obtener m\u00e1s informaci\u00f3n sobre c\u00f3mo podemos ayudar a su empresa de transporte por carretera a dar el siguiente paso con los servicios de factoraje de carga.","robots":{"index":"index","follow":"follow","max-snippet":"max-snippet:-1","max-image-preview":"max-image-preview:large","max-video-preview":"max-video-preview:-1"},"canonical":"https:\/\/tbsfactoring.com\/es\/condiciones-del-servicio\/","og_locale":"es_MX","og_type":"article","og_title":"Terms of Service | TBS Factoring","og_description":"Contact TBS Factoring to learn more about how we can help your trucking business take the next step with freight factoring services.","og_url":"https:\/\/tbsfactoring.com\/es\/condiciones-del-servicio\/","article_modified_time":"2025-05-07T16:40:10+00:00","twitter_card":"summary_large_image","schema":{"@context":"https:\/\/schema.org","@graph":[{"@type":"WebPage","@id":"https:\/\/tbsfactoring.com\/terms-of-service\/","url":"https:\/\/tbsfactoring.com\/terms-of-service\/","name":"Condiciones de servicio | TBS Factoring","isPartOf":{"@id":"https:\/\/tbsfactoring.com\/#website"},"datePublished":"2025-02-07T06:05:27+00:00","dateModified":"2025-05-07T16:40:10+00:00","description":"P\u00f3ngase en contacto con TBS Factoring para obtener m\u00e1s informaci\u00f3n sobre c\u00f3mo podemos ayudar a su empresa de transporte por carretera a dar el siguiente paso con los servicios de factoraje de carga.","breadcrumb":{"@id":"https:\/\/tbsfactoring.com\/terms-of-service\/#breadcrumb"},"inLanguage":"es","potentialAction":[{"@type":"ReadAction","target":["https:\/\/tbsfactoring.com\/terms-of-service\/"]}]},{"@type":"BreadcrumbList","@id":"https:\/\/tbsfactoring.com\/terms-of-service\/#breadcrumb","itemListElement":[{"@type":"ListItem","position":1,"name":"Home","item":"https:\/\/tbsfactoring.com\/"},{"@type":"ListItem","position":2,"name":"Terms of Service"}]},{"@type":"WebSite","@id":"https:\/\/tbsfactoring.com\/#website","url":"https:\/\/tbsfactoring.com\/","name":"","description":"","potentialAction":[{"@type":"SearchAction","target":{"@type":"EntryPoint","urlTemplate":"https:\/\/tbsfactoring.com\/?s={search_term_string}"},"query-input":{"@type":"PropertyValueSpecification","valueRequired":true,"valueName":"search_term_string"}}],"inLanguage":"es"}]}},"_links":{"self":[{"href":"https:\/\/tbsfactoring.com\/es\/wp-json\/wp\/v2\/pages\/654","targetHints":{"allow":["GET"]}}],"collection":[{"href":"https:\/\/tbsfactoring.com\/es\/wp-json\/wp\/v2\/pages"}],"about":[{"href":"https:\/\/tbsfactoring.com\/es\/wp-json\/wp\/v2\/types\/page"}],"author":[{"embeddable":true,"href":"https:\/\/tbsfactoring.com\/es\/wp-json\/wp\/v2\/users\/1"}],"replies":[{"embeddable":true,"href":"https:\/\/tbsfactoring.com\/es\/wp-json\/wp\/v2\/comments?post=654"}],"version-history":[{"count":0,"href":"https:\/\/tbsfactoring.com\/es\/wp-json\/wp\/v2\/pages\/654\/revisions"}],"wp:attachment":[{"href":"https:\/\/tbsfactoring.com\/es\/wp-json\/wp\/v2\/media?parent=654"}],"curies":[{"name":"wp","href":"https:\/\/api.w.org\/{rel}","templated":true}]}}